{"id":103,"date":"2021-11-23T21:36:33","date_gmt":"2021-11-23T21:36:33","guid":{"rendered":"http:\/\/www.bqconsulting.com.mx\/?page_id=103"},"modified":"2021-11-23T21:36:33","modified_gmt":"2021-11-23T21:36:33","slug":"iso-21000","status":"publish","type":"page","link":"https:\/\/www.bqconsulting.com.mx\/?page_id=103","title":{"rendered":"ISO 21000"},"content":{"rendered":"\n<p class=\"has-text-align-left\">Esta Norma \u00a0proporciona \u00a0una herramienta \u00a0de gesti\u00f3n \u00a0com\u00fan \u00a0para organizaciones \u00a0que proveen productos \u00a0y servicios \u00a0educativos \u00a0capaces de cumplir \u00a0con \u00a0los requisitos \u00a0de los estudiantes \u00a0y otros beneficiarios<\/p>\n\n\n\n<p class=\"has-text-align-left\">Existe \u00a0una necesidad cr\u00edtica \u00a0y\u00a0 continua \u00a0de que \u00a0las organizaciones \u00a0educativas \u00a0eval\u00faen \u00a0el grado de cumplimiento\u00a0 \u00a0de los requisitos \u00a0de los estudiantes \u00a0y \u00a0otros beneficiarios, \u00a0as\u00ed como \u00a0de \u00a0otras partes interesadas pertinentes y que mejoren su capacidad para continuar haci\u00e9ndolo.<\/p>\n\n\n\n<p class=\"has-text-align-left\">Aunque las organizaciones educativas y los estudiantes de todo el mundo son los principales beneficiarios de este documento, todas las partes interesadas se beneficiar\u00e1n de los sistemas de gesti\u00f3n normalizados en organizaciones educativas.<\/p>\n\n\n\n<p>Los beneficios \u00a0potenciales\u00a0 \u00a0para una organizaci\u00f3n\u00a0 \u00a0al implementar \u00a0un\u00a0 sistema\u00a0 \u00a0de \u00a0gesti\u00f3n\u00a0 \u00a0para organizaciones educativas (SGOE) basado en esta Norma son:<\/p>\n\n\n\n<p>a)&nbsp; &nbsp;mejor alineaci\u00f3n de objetivos y actividades con la pol\u00edtica (incluida la misi\u00f3n y la visi\u00f3n);<\/p>\n\n\n\n<p>b)&nbsp;&nbsp; &nbsp;mayor responsabilidad social al proporcionar una educaci\u00f3n de calidad inclusiva y equitativa para todos;<\/p>\n\n\n\n<p>c)&nbsp;&nbsp; &nbsp;aprendizaje m\u00e1s personalizado y una respuesta eficaz para todos los estudiantes y, en particular, para los estudiantes&nbsp; &nbsp;con &nbsp;necesidades &nbsp;especiales de &nbsp;educaci\u00f3n, &nbsp;estudiantes &nbsp;a distancia &nbsp;y oportunidades de formaci\u00f3n continua;<\/p>\n\n\n\n<p>d)&nbsp; &nbsp;procesos y herramientas &nbsp;de evaluaci\u00f3n coherentes para demostrar &nbsp;e incrementar &nbsp;la eficacia y la eficiencia;<\/p>\n\n\n\n<p>e)&nbsp;&nbsp; &nbsp;mayor credibilidad de la organizaci\u00f3n;<\/p>\n\n\n\n<p>f)&nbsp;&nbsp; &nbsp;un medio que permite a las organizaciones educativas demostrar su compromiso con pr\u00e1cticas de gesti\u00f3n educativa eficaces;<\/p>\n\n\n\n<p>g)&nbsp;&nbsp; &nbsp;una cultura para la mejora organizativa;<\/p>\n\n\n\n<p>h)&nbsp; &nbsp;armonizaci\u00f3n de las normas regionales, nacionales, abiertas, particulares y de otro tipo de normas dentro de un marco de referencia internacional;<\/p>\n\n\n\n<p>i)&nbsp;&nbsp; &nbsp;mayor participaci\u00f3n de las partes interesadas;<\/p>\n\n\n\n<p>j)&nbsp;&nbsp; &nbsp;estimulaci\u00f3n de la excelencia y la innovaci\u00f3n.<\/p>\n","protected":false},"excerpt":{"rendered":"<p>Esta Norma \u00a0proporciona \u00a0una herramienta \u00a0de gesti\u00f3n \u00a0com\u00fan \u00a0para organizaciones \u00a0que proveen productos \u00a0y servicios \u00a0educativos \u00a0capaces de cumplir \u00a0con \u00a0los requisitos \u00a0de los estudiantes \u00a0y otros beneficiarios Existe \u00a0una necesidad cr\u00edtica \u00a0y\u00a0 continua \u00a0de que \u00a0las organizaciones \u00a0educativas \u00a0eval\u00faen \u00a0el grado de cumplimiento\u00a0 \u00a0de los requisitos \u00a0de los estudiantes \u00a0y \u00a0otros beneficiarios, \u00a0as\u00ed como [&hellip;]<\/p>\n","protected":false},"author":2,"featured_media":0,"parent":0,"menu_order":0,"comment_status":"closed","ping_status":"closed","template":"","meta":{"footnotes":""},"class_list":["post-103","page","type-page","status-publish","hentry"],"_links":{"self":[{"href":"https:\/\/www.bqconsulting.com.mx\/index.php?rest_route=\/wp\/v2\/pages\/103","targetHints":{"allow":["GET"]}}],"collection":[{"href":"https:\/\/www.bqconsulting.com.mx\/index.php?rest_route=\/wp\/v2\/pages"}],"about":[{"href":"https:\/\/www.bqconsulting.com.mx\/index.php?rest_route=\/wp\/v2\/types\/page"}],"author":[{"embeddable":true,"href":"https:\/\/www.bqconsulting.com.mx\/index.php?rest_route=\/wp\/v2\/users\/2"}],"replies":[{"embeddable":true,"href":"https:\/\/www.bqconsulting.com.mx\/index.php?rest_route=%2Fwp%2Fv2%2Fcomments&post=103"}],"version-history":[{"count":1,"href":"https:\/\/www.bqconsulting.com.mx\/index.php?rest_route=\/wp\/v2\/pages\/103\/revisions"}],"predecessor-version":[{"id":104,"href":"https:\/\/www.bqconsulting.com.mx\/index.php?rest_route=\/wp\/v2\/pages\/103\/revisions\/104"}],"wp:attachment":[{"href":"https:\/\/www.bqconsulting.com.mx\/index.php?rest_route=%2Fwp%2Fv2%2Fmedia&parent=103"}],"curies":[{"name":"wp","href":"https:\/\/api.w.org\/{rel}","templated":true}]}}