{"id":13,"date":"2017-04-19T00:35:42","date_gmt":"2017-04-19T00:35:42","guid":{"rendered":"http:\/\/www.bqconsulting.com.mx\/?page_id=13"},"modified":"2017-04-19T00:35:42","modified_gmt":"2017-04-19T00:35:42","slug":"objetivo","status":"publish","type":"page","link":"https:\/\/www.bqconsulting.com.mx\/?page_id=13","title":{"rendered":"Objetivo"},"content":{"rendered":"<p style=\"text-align: justify;\">Nuestra meta principal es proporcionar servicios profesionales de Consultoria y soporte empresarial, que ayuden a las empresas a brindar productos o servicios que cumplan con los est\u00e1ndares de calidad mas estrictos, para as\u00ed contribuir en su crecimiento y expansi\u00f3n, contribuyendo as\u00ed, a convertirlas en compa\u00f1\u00edas exitosas, competitivas\u00a0 y sustentables que ayuden al desarrollo de la econom\u00eda de su localidad.<\/p>\n","protected":false},"excerpt":{"rendered":"<p>Nuestra meta principal es proporcionar servicios profesionales de Consultoria y soporte empresarial, que ayuden a las empresas a brindar productos o servicios que cumplan con los est\u00e1ndares de calidad mas estrictos, para as\u00ed contribuir en su crecimiento y expansi\u00f3n, contribuyendo as\u00ed, a convertirlas en compa\u00f1\u00edas exitosas, competitivas\u00a0 y sustentables que ayuden al desarrollo de la [&hellip;]<\/p>\n","protected":false},"author":1,"featured_media":0,"parent":0,"menu_order":0,"comment_status":"closed","ping_status":"closed","template":"","meta":{"footnotes":""},"class_list":["post-13","page","type-page","status-publish","hentry"],"_links":{"self":[{"href":"https:\/\/www.bqconsulting.com.mx\/index.php?rest_route=\/wp\/v2\/pages\/13","targetHints":{"allow":["GET"]}}],"collection":[{"href":"https:\/\/www.bqconsulting.com.mx\/index.php?rest_route=\/wp\/v2\/pages"}],"about":[{"href":"https:\/\/www.bqconsulting.com.mx\/index.php?rest_route=\/wp\/v2\/types\/page"}],"author":[{"embeddable":true,"href":"https:\/\/www.bqconsulting.com.mx\/index.php?rest_route=\/wp\/v2\/users\/1"}],"replies":[{"embeddable":true,"href":"https:\/\/www.bqconsulting.com.mx\/index.php?rest_route=%2Fwp%2Fv2%2Fcomments&post=13"}],"version-history":[{"count":1,"href":"https:\/\/www.bqconsulting.com.mx\/index.php?rest_route=\/wp\/v2\/pages\/13\/revisions"}],"predecessor-version":[{"id":14,"href":"https:\/\/www.bqconsulting.com.mx\/index.php?rest_route=\/wp\/v2\/pages\/13\/revisions\/14"}],"wp:attachment":[{"href":"https:\/\/www.bqconsulting.com.mx\/index.php?rest_route=%2Fwp%2Fv2%2Fmedia&parent=13"}],"curies":[{"name":"wp","href":"https:\/\/api.w.org\/{rel}","templated":true}]}}