{"id":15,"date":"2017-04-19T00:36:06","date_gmt":"2017-04-19T00:36:06","guid":{"rendered":"http:\/\/www.bqconsulting.com.mx\/?page_id=15"},"modified":"2017-04-19T00:36:06","modified_gmt":"2017-04-19T00:36:06","slug":"norma-iso","status":"publish","type":"page","link":"https:\/\/www.bqconsulting.com.mx\/?page_id=15","title":{"rendered":"Norma ISO"},"content":{"rendered":"<p>La Organizaci\u00f3n Internacional para la Estandarizaci\u00f3n o ISO por sus siglas en\u00a0 Ingles (International Organization for Standarization), nacida tras la Segunda Guerra Mundial (23 de febrero de 1947), es el organismo encargado de promover el desarrollo de normas internacionales de fabricaci\u00f3n, comercio y comunicaci\u00f3n para todas las ramas industriales a excepci\u00f3n de la el\u00e9ctrica y la electr\u00f3nica. Su funci\u00f3n principal es la de buscar la estandarizaci\u00f3n de normas de productos y seguridad para las empresas u organizaciones a nivel internacional.<\/p>\n<p>La ISO es una red de los institutos de normas nacionales de 163 pa\u00edses, sobre la base de un miembro por pa\u00eds, con una Secretar\u00eda Central en Ginebra (Suiza) que coordina el sistema. La Organizaci\u00f3n Internacional de Normalizaci\u00f3n (ISO), con sede en Ginebra, est\u00e1 compuesta por delegaciones gubernamentales y no gubernamentales subdivididos en una serie de subcomit\u00e9s encargados de desarrollar las gu\u00edas que contribuir\u00e1n al mejoramiento ambiental.<\/p>\n<p>Las normas desarrolladas por ISO son voluntarias, comprendiendo que ISO es un organismo no gubernamental y no depende de ning\u00fan otro organismo internacional, por lo tanto, no tiene autoridad para imponer sus normas a ning\u00fan pa\u00eds\u2026<\/p>\n","protected":false},"excerpt":{"rendered":"<p>La Organizaci\u00f3n Internacional para la Estandarizaci\u00f3n o ISO por sus siglas en\u00a0 Ingles (International Organization for Standarization), nacida tras la Segunda Guerra Mundial (23 de febrero de 1947), es el organismo encargado de promover el desarrollo de normas internacionales de fabricaci\u00f3n, comercio y comunicaci\u00f3n para todas las ramas industriales a excepci\u00f3n de la el\u00e9ctrica y [&hellip;]<\/p>\n","protected":false},"author":1,"featured_media":0,"parent":0,"menu_order":0,"comment_status":"closed","ping_status":"closed","template":"","meta":{"footnotes":""},"class_list":["post-15","page","type-page","status-publish","hentry"],"_links":{"self":[{"href":"https:\/\/www.bqconsulting.com.mx\/index.php?rest_route=\/wp\/v2\/pages\/15","targetHints":{"allow":["GET"]}}],"collection":[{"href":"https:\/\/www.bqconsulting.com.mx\/index.php?rest_route=\/wp\/v2\/pages"}],"about":[{"href":"https:\/\/www.bqconsulting.com.mx\/index.php?rest_route=\/wp\/v2\/types\/page"}],"author":[{"embeddable":true,"href":"https:\/\/www.bqconsulting.com.mx\/index.php?rest_route=\/wp\/v2\/users\/1"}],"replies":[{"embeddable":true,"href":"https:\/\/www.bqconsulting.com.mx\/index.php?rest_route=%2Fwp%2Fv2%2Fcomments&post=15"}],"version-history":[{"count":1,"href":"https:\/\/www.bqconsulting.com.mx\/index.php?rest_route=\/wp\/v2\/pages\/15\/revisions"}],"predecessor-version":[{"id":16,"href":"https:\/\/www.bqconsulting.com.mx\/index.php?rest_route=\/wp\/v2\/pages\/15\/revisions\/16"}],"wp:attachment":[{"href":"https:\/\/www.bqconsulting.com.mx\/index.php?rest_route=%2Fwp%2Fv2%2Fmedia&parent=15"}],"curies":[{"name":"wp","href":"https:\/\/api.w.org\/{rel}","templated":true}]}}