{"id":19,"date":"2017-04-19T00:36:48","date_gmt":"2017-04-19T00:36:48","guid":{"rendered":"http:\/\/www.bqconsulting.com.mx\/?page_id=19"},"modified":"2017-10-16T23:29:48","modified_gmt":"2017-10-16T23:29:48","slug":"iso-14000","status":"publish","type":"page","link":"https:\/\/www.bqconsulting.com.mx\/?page_id=19","title":{"rendered":"ISO 14000"},"content":{"rendered":"<p>ISO 14001: 2015 especifica los requisitos para un sistema de gesti\u00f3n ambiental que una organizaci\u00f3n puede usar para mejorar su desempe\u00f1o ambiental. ISO 14001: 2015 est\u00e1 destinado a ser utilizado por una organizaci\u00f3n que busca gestionar sus responsabilidades ambientales de una manera sistem\u00e1tica que contribuye al pilar medioambiental de la sostenibilidad.<\/p>\n<p>ISO 14001: 2015 ayuda a una organizaci\u00f3n a lograr los resultados esperados de su sistema de gesti\u00f3n ambiental, que proporciona valor para el medio ambiente, la organizaci\u00f3n misma y las partes interesadas. De acuerdo con la pol\u00edtica ambiental de la organizaci\u00f3n, los resultados previstos de un sistema de gesti\u00f3n ambiental incluyen:<\/p>\n<p>\u00b7 Mejora del desempe\u00f1o ambiental;<\/p>\n<p>\u00b7 Cumplimiento de las obligaciones de cumplimiento;<\/p>\n<p>\u00b7 Logro de los objetivos ambientales.<\/p>\n<p>ISO 14001: 2015 es aplicable a cualquier organizaci\u00f3n, independientemente del tama\u00f1o, tipo y naturaleza, y se aplica a los aspectos ambientales de sus actividades, productos y servicios que la organizaci\u00f3n determina que pueden controlar o influir considerando una perspectiva del ciclo de vida. ISO 14001: 2015 no establece criterios espec\u00edficos de desempe\u00f1o ambiental.<\/p>\n<p>ISO 14001: 2015 puede usarse total o parcialmente para mejorar sistem\u00e1ticamente la gesti\u00f3n ambiental. Sin embargo, no se puede alegar conformidad con ISO 14001: 2015\u00a0 a menos que todos sus requisitos se incorporen al sistema de gesti\u00f3n ambiental de una organizaci\u00f3n y se cumplan sin exclusi\u00f3n.<\/p>\n<p><strong><em>\u00bfPara qui\u00e9n es significativo?<\/em><\/strong><\/p>\n<p>El impacto medioambiental se est\u00e1 convirtiendo en un asunto importante en todo el globo. La presi\u00f3n para minimizar ese impacto procede de muchas fuentes: gobiernos locales y nacionales, organismos reguladores, asociaciones sectoriales, clientes, empleados y accionistas.<\/p>\n<p>Las presiones sociales tambi\u00e9n proceden del creciente despliegue de grupos de inter\u00e9s o partes interesadas, como consumidores, organizaciones no gubernamentales (ONG) dedicadas al medio ambiente o a los intereses de grupos minoritarios, c\u00edrculos acad\u00e9micos y asociaciones vecinales.<br \/>\nDe modo que la norma ISO 14001 resulta significativa para toda organizaci\u00f3n, incluidas:<\/p>\n<ul>\n<li>Compa\u00f1\u00edas de una sola sede y grandes compa\u00f1\u00edas multinacionales<\/li>\n<li>Compa\u00f1\u00edas de alto riesgo y organizaciones de servicio de bajo riesgo<\/li>\n<li>Industrias manufactureras, de procesos y servicios, incluidos los gobiernos locales<\/li>\n<li>Todos los sectores industriales tanto p\u00fablicos como privados<\/li>\n<li>Fabricantes de equipo original y sus proveedores.<\/li>\n<\/ul>\n","protected":false},"excerpt":{"rendered":"<p>ISO 14001: 2015 especifica los requisitos para un sistema de gesti\u00f3n ambiental que una organizaci\u00f3n puede usar para mejorar su desempe\u00f1o ambiental. ISO 14001: 2015 est\u00e1 destinado a ser utilizado por una organizaci\u00f3n que busca gestionar sus responsabilidades ambientales de una manera sistem\u00e1tica que contribuye al pilar medioambiental de la sostenibilidad. ISO 14001: 2015 ayuda [&hellip;]<\/p>\n","protected":false},"author":1,"featured_media":0,"parent":0,"menu_order":0,"comment_status":"closed","ping_status":"closed","template":"","meta":{"footnotes":""},"class_list":["post-19","page","type-page","status-publish","hentry"],"_links":{"self":[{"href":"https:\/\/www.bqconsulting.com.mx\/index.php?rest_route=\/wp\/v2\/pages\/19","targetHints":{"allow":["GET"]}}],"collection":[{"href":"https:\/\/www.bqconsulting.com.mx\/index.php?rest_route=\/wp\/v2\/pages"}],"about":[{"href":"https:\/\/www.bqconsulting.com.mx\/index.php?rest_route=\/wp\/v2\/types\/page"}],"author":[{"embeddable":true,"href":"https:\/\/www.bqconsulting.com.mx\/index.php?rest_route=\/wp\/v2\/users\/1"}],"replies":[{"embeddable":true,"href":"https:\/\/www.bqconsulting.com.mx\/index.php?rest_route=%2Fwp%2Fv2%2Fcomments&post=19"}],"version-history":[{"count":3,"href":"https:\/\/www.bqconsulting.com.mx\/index.php?rest_route=\/wp\/v2\/pages\/19\/revisions"}],"predecessor-version":[{"id":92,"href":"https:\/\/www.bqconsulting.com.mx\/index.php?rest_route=\/wp\/v2\/pages\/19\/revisions\/92"}],"wp:attachment":[{"href":"https:\/\/www.bqconsulting.com.mx\/index.php?rest_route=%2Fwp%2Fv2%2Fmedia&parent=19"}],"curies":[{"name":"wp","href":"https:\/\/api.w.org\/{rel}","templated":true}]}}