{"id":5,"date":"2017-04-19T00:33:51","date_gmt":"2017-04-19T00:33:51","guid":{"rendered":"http:\/\/www.bqconsulting.com.mx\/?page_id=5"},"modified":"2021-12-15T20:28:02","modified_gmt":"2021-12-15T20:28:02","slug":"quienes-somos","status":"publish","type":"page","link":"https:\/\/www.bqconsulting.com.mx\/","title":{"rendered":"\u00bfQuienes Somos?"},"content":{"rendered":"<p>Business and Quality Consulting (B&amp;QC) es un despacho radicado en la Ciudad de Chihuahua que cuenta con mas de 15 a\u00f1os de experiencia en Implementacion de sistemas de Calidad bajo Normas Internacionales, Consultor\u00cda Empresarial, Capacitaci\u00f3n, y desarrollo de Software; tanto en el sector P\u00fablico como Privado<\/p>\n","protected":false},"excerpt":{"rendered":"<p>Business and Quality Consulting (B&amp;QC) es un despacho radicado en la Ciudad de Chihuahua que cuenta con mas de 15 a\u00f1os de experiencia en Implementacion de sistemas de Calidad bajo Normas Internacionales, Consultor\u00cda Empresarial, Capacitaci\u00f3n, y desarrollo de Software; tanto en el sector P\u00fablico como Privado<\/p>\n","protected":false},"author":1,"featured_media":0,"parent":0,"menu_order":0,"comment_status":"closed","ping_status":"closed","template":"","meta":{"footnotes":""},"class_list":["post-5","page","type-page","status-publish","hentry"],"_links":{"self":[{"href":"https:\/\/www.bqconsulting.com.mx\/index.php?rest_route=\/wp\/v2\/pages\/5","targetHints":{"allow":["GET"]}}],"collection":[{"href":"https:\/\/www.bqconsulting.com.mx\/index.php?rest_route=\/wp\/v2\/pages"}],"about":[{"href":"https:\/\/www.bqconsulting.com.mx\/index.php?rest_route=\/wp\/v2\/types\/page"}],"author":[{"embeddable":true,"href":"https:\/\/www.bqconsulting.com.mx\/index.php?rest_route=\/wp\/v2\/users\/1"}],"replies":[{"embeddable":true,"href":"https:\/\/www.bqconsulting.com.mx\/index.php?rest_route=%2Fwp%2Fv2%2Fcomments&post=5"}],"version-history":[{"count":9,"href":"https:\/\/www.bqconsulting.com.mx\/index.php?rest_route=\/wp\/v2\/pages\/5\/revisions"}],"predecessor-version":[{"id":125,"href":"https:\/\/www.bqconsulting.com.mx\/index.php?rest_route=\/wp\/v2\/pages\/5\/revisions\/125"}],"wp:attachment":[{"href":"https:\/\/www.bqconsulting.com.mx\/index.php?rest_route=%2Fwp%2Fv2%2Fmedia&parent=5"}],"curies":[{"name":"wp","href":"https:\/\/api.w.org\/{rel}","templated":true}]}}