{"id":7,"date":"2017-11-19T00:34:28","date_gmt":"2017-11-19T00:34:28","guid":{"rendered":"http:\/\/www.bqconsulting.com.mx\/?page_id=7"},"modified":"2021-11-23T22:18:59","modified_gmt":"2021-11-23T22:18:59","slug":"casos-de-exito","status":"publish","type":"page","link":"https:\/\/www.bqconsulting.com.mx\/?page_id=7","title":{"rendered":"Casos de \u00c9xito"},"content":{"rendered":"\n<figure class=\"wp-block-table\"><table><tbody><tr><td><strong>Del Sector P\u00fablico<\/strong><\/td><td><\/td><td><\/td><\/tr><tr><td>Colegio de Bachilleres del Edo. De Chihuahua<\/td><td>Instituto Municipal de Pensiones<br>\u00a0\u00a0Chihuahua<\/td><td>Facultad de Enfermer\u00eda de la UACH&nbsp;<\/td><\/tr><tr><td>Coordinaci\u00f3n de Tecnolog\u00edas de Informaci\u00f3n UACH<\/td><td>Direcci\u00f3n Administrativa y Acad\u00e9mica&nbsp; UACH<\/td><td>DIF Municipal de Durango&nbsp;<\/td><\/tr><tr><td>Congreso del Estado de Durango&nbsp;<\/td><td>Aguas del Municipio de Durango&nbsp;<\/td><td>Universidad Tecnol\u00f3gica de Paquime<\/td><\/tr><tr><td>IBYCENECH (Normal del Estado)&nbsp;<\/td><td>Universidad Tencnol\u00f3gica de Cd. Juarez<\/td><td>Universidad Tencnol\u00f3gica Paso del Norte<\/td><\/tr><tr><td>Universidad Tencnol\u00f3gica de Chihuahua<\/td><td><\/td><td><\/td><\/tr><tr><td><\/td><td><\/td><td><\/td><\/tr><tr><td><strong>Del Sector Privado<\/strong><\/td><td><\/td><td><\/td><\/tr><tr><td>Corporaci\u00f3n&nbsp; Durango&nbsp;<\/td><td>Polyrafia&nbsp;<\/td><td>Imprenta Ochoa&nbsp;<\/td><\/tr><tr><td>C\u00e1mara de la Ind. De la Construcci\u00f3n Chih.&nbsp;<\/td><td>C\u00e1mara de la Ind. De la Construcci\u00f3n Durango&nbsp;<\/td><td>Productos Especializados y Manifacturas Jrz.&nbsp;<\/td><\/tr><tr><td>Kalisch Fierro y Acero&nbsp;<\/td><td>PV Comunicaciones&nbsp;<\/td><td>G\u00f3mez Ito y Asociados S.C.&nbsp;<\/td><\/tr><tr><td>Imagen Industrial&nbsp;<\/td><td>Harinas de Chihuahua&nbsp;<\/td><td>Sabamex&nbsp;<\/td><\/tr><tr><td>Molinera La Laguna&nbsp;<\/td><td>Molinera Lrb&nbsp;<\/td><td>Ambiotrat&nbsp;<\/td><\/tr><tr><td>Desarrollos viva&nbsp;<\/td><td>Skalatech&nbsp;&nbsp;<\/td><td>Recasa&nbsp;&nbsp;<\/td><\/tr><tr><td>Corodep&nbsp;<\/td><td>Arboles Navide\u00f1os de Juarez&nbsp;&nbsp;&nbsp;<\/td><td>Yonke Fenix&nbsp;<\/td><\/tr><tr><td>Industrias y Herramientas Frimar&nbsp;<\/td><td>Impresos Velazquez&nbsp;<\/td><td>HAGALO<\/td><\/tr><tr><td>Rio Bravo Insumos&nbsp;<\/td><td>Mayoreo Garay<\/td><td>CODICHISA<\/td><\/tr><tr><td>C10 Laboratorios<\/td><td>Dream Cars Automotriz<\/td><td>Baja Tape &amp; Supply<\/td><\/tr><tr><td>Alium<\/td><td><\/td><td><\/td><\/tr><\/tbody><\/table><\/figure>\n\n\n\n<p><\/p>\n","protected":false},"excerpt":{"rendered":"<p>Del Sector P\u00fablico Colegio de Bachilleres del Edo. De Chihuahua Instituto Municipal de Pensiones\u00a0\u00a0Chihuahua Facultad de Enfermer\u00eda de la UACH&nbsp; Coordinaci\u00f3n de Tecnolog\u00edas de Informaci\u00f3n UACH Direcci\u00f3n Administrativa y Acad\u00e9mica&nbsp; UACH DIF Municipal de Durango&nbsp; Congreso del Estado de Durango&nbsp; Aguas del Municipio de Durango&nbsp; Universidad Tecnol\u00f3gica de Paquime IBYCENECH (Normal del Estado)&nbsp; Universidad Tencnol\u00f3gica [&hellip;]<\/p>\n","protected":false},"author":1,"featured_media":0,"parent":0,"menu_order":0,"comment_status":"closed","ping_status":"closed","template":"","meta":{"footnotes":""},"class_list":["post-7","page","type-page","status-publish","hentry"],"_links":{"self":[{"href":"https:\/\/www.bqconsulting.com.mx\/index.php?rest_route=\/wp\/v2\/pages\/7","targetHints":{"allow":["GET"]}}],"collection":[{"href":"https:\/\/www.bqconsulting.com.mx\/index.php?rest_route=\/wp\/v2\/pages"}],"about":[{"href":"https:\/\/www.bqconsulting.com.mx\/index.php?rest_route=\/wp\/v2\/types\/page"}],"author":[{"embeddable":true,"href":"https:\/\/www.bqconsulting.com.mx\/index.php?rest_route=\/wp\/v2\/users\/1"}],"replies":[{"embeddable":true,"href":"https:\/\/www.bqconsulting.com.mx\/index.php?rest_route=%2Fwp%2Fv2%2Fcomments&post=7"}],"version-history":[{"count":6,"href":"https:\/\/www.bqconsulting.com.mx\/index.php?rest_route=\/wp\/v2\/pages\/7\/revisions"}],"predecessor-version":[{"id":109,"href":"https:\/\/www.bqconsulting.com.mx\/index.php?rest_route=\/wp\/v2\/pages\/7\/revisions\/109"}],"wp:attachment":[{"href":"https:\/\/www.bqconsulting.com.mx\/index.php?rest_route=%2Fwp%2Fv2%2Fmedia&parent=7"}],"curies":[{"name":"wp","href":"https:\/\/api.w.org\/{rel}","templated":true}]}}